{"id":19,"date":"2020-06-12T12:13:48","date_gmt":"2020-06-12T12:13:48","guid":{"rendered":"https:\/\/jklas.cz\/?page_id=19"},"modified":"2025-11-07T09:51:24","modified_gmt":"2025-11-07T08:51:24","slug":"reference","status":"publish","type":"page","link":"https:\/\/www.jklas.cz\/sk\/reference\/","title":{"rendered":"Referencie"},"content":{"rendered":"<p>[et_pb_section fb_built=&#8220;1&#8243; custom_padding_last_edited=&#8220;off|phone&#8220; _builder_version=&#8220;4.27.4&#8243; _module_preset=&#8220;default&#8220; custom_padding_phone=&#8220;15px||||false|false&#8220; hover_enabled=&#8220;0&#8243; locked=&#8220;off&#8220; global_colors_info=&#8220;{}&#8220; custom_margin=&#8220;0px||||false|false&#8220; custom_padding=&#8220;15px||||false|false&#8220; sticky_enabled=&#8220;0&#8243;][et_pb_row _builder_version=&#8220;4.16&#8243; _module_preset=&#8220;default&#8220; width_tablet=&#8220;90%&#8220; width_phone=&#8220;90%&#8220; width_last_edited=&#8220;on|desktop&#8220; custom_margin=&#8220;0px||0px||false|false&#8220; custom_padding=&#8220;0px||0px||false|false&#8220; saved_tabs=&#8220;all&#8220; locked=&#8220;off&#8220; global_colors_info=&#8220;{}&#8220;][et_pb_column type=&#8220;4_4&#8243; _builder_version=&#8220;4.16&#8243; _module_preset=&#8220;default&#8220; global_colors_info=&#8220;{}&#8220;][et_pb_text _builder_version=&#8220;4.19.2&#8243; text_font=&#8220;fa-solid900||||||||&#8220; text_line_height=&#8220;1.2em&#8220; link_font=&#8220;||||on|||#000000|solid&#8220; custom_margin=&#8220;0px||0px|0px|false|false&#8220; custom_padding=&#8220;0px||0px||false|false&#8220; locked=&#8220;off&#8220; global_colors_info=&#8220;{}&#8220;]<\/p>\n<nav>\n<p style=\"font-size: 18px; color: dodgerblue;\">\uf015 <a href=\"https:\/\/www.jklas.cz\/\"><span style=\"font-size: 14px; color: black; font-family: Open Sans;\">\u00davod<\/span><\/a><br \/>\n<\/nav>\n<p>[\/et_pb_text][\/et_pb_column][\/et_pb_row][et_pb_row _builder_version=&#8220;4.27.4&#8243; width_tablet=&#8220;&#8220; width_phone=&#8220;90%&#8220; width_last_edited=&#8220;on|phone&#8220; custom_margin=&#8220;15px||0px||false|false&#8220; custom_padding=&#8220;0px||0px||false|false&#8220; hover_enabled=&#8220;0&#8243; global_colors_info=&#8220;{}&#8220; sticky_enabled=&#8220;0&#8243;][et_pb_column type=&#8220;4_4&#8243; _builder_version=&#8220;4.16&#8243; global_colors_info=&#8220;{}&#8220;][et_pb_text _builder_version=&#8220;4.17.3&#8243; header_font=&#8220;|700|||||||&#8220; header_text_align=&#8220;center&#8220; header_text_color=&#8220;#161180&#8243; header_font_size=&#8220;18px&#8220; header_2_font=&#8220;|700|||||||&#8220; header_2_text_color=&#8220;#161180&#8243; header_2_font_size=&#8220;18px&#8220; width=&#8220;80%&#8220; module_alignment=&#8220;center&#8220; custom_margin=&#8220;0px||0px||false|false&#8220; custom_padding=&#8220;0px||0px||false|false&#8220; border_color_all=&#8220;#adadad&#8220; border_width_bottom=&#8220;1px&#8220; border_color_bottom=&#8220;#d6d6d6&#8243; global_colors_info=&#8220;{}&#8220;]<\/p>\n<h1>Reference<\/h1>\n<p>[\/et_pb_text][\/et_pb_column][\/et_pb_row][et_pb_row disabled_on=&#8220;on|on|off&#8220; _builder_version=&#8220;4.17.3&#8243; custom_margin=&#8220;0px||0px||false|false&#8220; custom_padding=&#8220;0px||0px||false|false&#8220; hover_enabled=&#8220;0&#8243; global_colors_info=&#8220;{}&#8220; transform_styles__hover_enabled=&#8220;off|desktop&#8220; transform_scale__hover_enabled=&#8220;off|desktop&#8220; transform_translate__hover_enabled=&#8220;off|desktop&#8220; transform_rotate__hover_enabled=&#8220;off|desktop&#8220; transform_skew__hover_enabled=&#8220;off|desktop&#8220; transform_origin__hover_enabled=&#8220;off|desktop&#8220; transform_scale__hover=&#8220;110%|110%&#8220; sticky_enabled=&#8220;0&#8243;][et_pb_column type=&#8220;4_4&#8243; _builder_version=&#8220;4.16&#8243; global_colors_info=&#8220;{}&#8220;][et_pb_text _builder_version=&#8220;4.17.3&#8243; text_font=&#8220;||on||||||&#8220; text_text_color=&#8220;#000000&#8243; text_line_height=&#8220;2.2em&#8220; text_orientation=&#8220;center&#8220; custom_margin=&#8220;0px||0px||false|false&#8220; custom_padding=&#8220;0px||0px||false|false&#8220; locked=&#8220;off&#8220; global_colors_info=&#8220;{}&#8220; link_font=&#8220;||||on|||#0c71c3|&#8220; link_text_color=&#8220;#0c71c3&#8243; header_2_text_color=&#8220;#000000&#8243; header_2_font_size=&#8220;14px&#8220; header_2_line_height=&#8220;2.2em&#8220;]<\/p>\n<p>&#8222;P\u0159\u00edklady spole\u010dnost\u00ed, kde jsme realizovali na\u0161e slu\u017eby \u010di dodali na\u0161e produkty. Pro v\u00edce informac\u00ed n\u00e1s m\u016f\u017eete kontaktovat.&#8220;<\/p>\n<p>[\/et_pb_text][et_pb_gallery gallery_ids=&#8220;37919,37897,37911,37952,37910,37912&#8243; posts_number=&#8220;6&#8243; show_title_and_caption=&#8220;off&#8220; show_pagination=&#8220;off&#8220; _builder_version=&#8220;4.17.3&#8243; _module_preset=&#8220;default&#8220; custom_margin=&#8220;0px||0px||false|false&#8220; custom_padding=&#8220;0px||0px||false|false&#8220; custom_css_gallery_item=&#8220;width: 16.66% !important;||margin: 0 !important;||clear: none !important;||padding: 10px;||pointer-events: none;&#8220; custom_css_overlay=&#8220;display: none&#8220; border_width_all_image=&#8220;1px&#8220; border_color_all_image=&#8220;rgba(12,113,195,0.4)&#8220; global_colors_info=&#8220;{}&#8220;][\/et_pb_gallery][et_pb_gallery gallery_ids=&#8220;37888,37953,37913,37951,37889,37914&#8243; posts_number=&#8220;6&#8243; show_title_and_caption=&#8220;off&#8220; show_pagination=&#8220;off&#8220; _builder_version=&#8220;4.17.3&#8243; _module_preset=&#8220;default&#8220; custom_margin=&#8220;0px||0px||false|false&#8220; custom_padding=&#8220;0px||0px||false|false&#8220; custom_css_gallery_item=&#8220;width: 16.66% !important;||margin: 0 !important;||clear: none !important;||padding: 10px;||pointer-events: none;&#8220; custom_css_overlay=&#8220;display: none&#8220; border_width_all_image=&#8220;1px&#8220; border_color_all_image=&#8220;rgba(12,113,195,0.4)&#8220; global_colors_info=&#8220;{}&#8220;][\/et_pb_gallery][et_pb_gallery gallery_ids=&#8220;37875,37916,37880,37915,37890,37917&#8243; posts_number=&#8220;6&#8243; show_title_and_caption=&#8220;off&#8220; show_pagination=&#8220;off&#8220; _builder_version=&#8220;4.17.3&#8243; _module_preset=&#8220;default&#8220; custom_margin=&#8220;0px||0px||false|false&#8220; custom_padding=&#8220;0px||0px||false|false&#8220; custom_css_gallery_item=&#8220;width: 16.66% !important;||margin: 0 !important;||clear: none !important;||padding: 10px;||pointer-events: none;&#8220; custom_css_overlay=&#8220;display: none&#8220; border_width_all_image=&#8220;1px&#8220; border_color_all_image=&#8220;rgba(12,113,195,0.4)&#8220; global_colors_info=&#8220;{}&#8220;][\/et_pb_gallery][et_pb_gallery gallery_ids=&#8220;37936,37886,37918,37955,37923,37950&#8243; posts_number=&#8220;6&#8243; show_title_and_caption=&#8220;off&#8220; show_pagination=&#8220;off&#8220; _builder_version=&#8220;4.17.3&#8243; _module_preset=&#8220;default&#8220; custom_margin=&#8220;0px||0px||false|false&#8220; custom_padding=&#8220;0px||0px||false|false&#8220; custom_css_gallery_item=&#8220;width: 16.66% !important;||margin: 0 !important;||clear: none !important;||padding: 10px;||pointer-events: none;&#8220; custom_css_overlay=&#8220;display: none&#8220; border_width_all_image=&#8220;1px&#8220; border_color_all_image=&#8220;rgba(12,113,195,0.4)&#8220; global_colors_info=&#8220;{}&#8220;][\/et_pb_gallery][et_pb_gallery gallery_ids=&#8220;37935,37954,37900,37931,37958,37922&#8243; posts_number=&#8220;6&#8243; show_title_and_caption=&#8220;off&#8220; show_pagination=&#8220;off&#8220; _builder_version=&#8220;4.17.3&#8243; _module_preset=&#8220;default&#8220; custom_margin=&#8220;0px||0px||false|false&#8220; custom_padding=&#8220;0px||0px||false|false&#8220; custom_css_gallery_item=&#8220;width: 16.66% !important;||margin: 0 !important;||clear: none !important;||padding: 10px;||pointer-events: none;&#8220; custom_css_overlay=&#8220;display: none&#8220; border_width_all_image=&#8220;1px&#8220; border_color_all_image=&#8220;rgba(12,113,195,0.4)&#8220; global_colors_info=&#8220;{}&#8220;][\/et_pb_gallery][\/et_pb_column][\/et_pb_row][et_pb_row disabled_on=&#8220;off|off|on&#8220; _builder_version=&#8220;4.17.3&#8243; _module_preset=&#8220;default&#8220; width=&#8220;90%&#8220; custom_margin=&#8220;0px||0px||false|false&#8220; custom_padding=&#8220;0px||0px||false|false&#8220; locked=&#8220;off&#8220; global_colors_info=&#8220;{}&#8220;][et_pb_column type=&#8220;4_4&#8243; _builder_version=&#8220;4.16&#8243; _module_preset=&#8220;default&#8220; global_colors_info=&#8220;{}&#8220;][et_pb_text _builder_version=&#8220;4.27.4&#8243; text_font=&#8220;||on||||||&#8220; text_text_color=&#8220;#000000&#8243; text_line_height=&#8220;1.4em&#8220; text_orientation=&#8220;center&#8220; custom_margin=&#8220;5px||0px||false|false&#8220; custom_padding=&#8220;0px||0px||false|false&#8220; hover_enabled=&#8220;0&#8243; locked=&#8220;off&#8220; global_colors_info=&#8220;{}&#8220; sticky_enabled=&#8220;0&#8243;]<\/p>\n<p>&#8222;P\u0159\u00edklady spole\u010dnost\u00ed, kde jsme realizovali na\u0161e slu\u017eby \u010di dodali na\u0161e produkty. Pro v\u00edce informac\u00ed n\u00e1s m\u016f\u017eete kontaktovat.&#8220;<\/p>\n<p>[\/et_pb_text][\/et_pb_column][\/et_pb_row][et_pb_row disabled_on=&#8220;off|off|on&#8220; _builder_version=&#8220;4.17.3&#8243; width_tablet=&#8220;&#8220; width_phone=&#8220;90%&#8220; width_last_edited=&#8220;on|phone&#8220; custom_margin=&#8220;5px||0px||false|false&#8220; custom_padding=&#8220;0px||0px||false|false&#8220; locked=&#8220;off&#8220; global_colors_info=&#8220;{}&#8220; transform_styles__hover_enabled=&#8220;off|desktop&#8220; transform_scale__hover_enabled=&#8220;off|desktop&#8220; transform_translate__hover_enabled=&#8220;off|desktop&#8220; transform_rotate__hover_enabled=&#8220;off|desktop&#8220; transform_skew__hover_enabled=&#8220;off|desktop&#8220; transform_origin__hover_enabled=&#8220;off|desktop&#8220; transform_scale__hover=&#8220;110%|110%&#8220;][et_pb_column type=&#8220;4_4&#8243; _builder_version=&#8220;4.17.3&#8243; global_colors_info=&#8220;{}&#8220;][et_pb_gallery gallery_ids=&#8220;37919,37897,37911,37952&#8243; show_title_and_caption=&#8220;off&#8220; show_pagination=&#8220;off&#8220; _builder_version=&#8220;4.17.3&#8243; _module_preset=&#8220;default&#8220; custom_margin=&#8220;0px||0px||false|false&#8220; custom_padding=&#8220;0px||0px||false|false&#8220; custom_css_gallery_item=&#8220;width: 25% !important;||margin: 0 !important;||clear: none !important;||padding: 5px;||pointer-events: none;&#8220; custom_css_overlay=&#8220;display: none&#8220; border_width_all_image=&#8220;1px&#8220; border_color_all_image=&#8220;rgba(12,113,195,0.4)&#8220; locked=&#8220;off&#8220; global_colors_info=&#8220;{}&#8220;][\/et_pb_gallery][et_pb_gallery gallery_ids=&#8220;37910,37912,37888,37953&#8243; show_title_and_caption=&#8220;off&#8220; show_pagination=&#8220;off&#8220; _builder_version=&#8220;4.17.3&#8243; _module_preset=&#8220;default&#8220; custom_margin=&#8220;0px||0px||false|false&#8220; custom_padding=&#8220;0px||0px||false|false&#8220; custom_css_gallery_item=&#8220;width: 25% !important;||margin: 0 !important;||clear: none !important;||padding: 5px;||pointer-events: none;&#8220; custom_css_overlay=&#8220;display: none&#8220; border_width_all_image=&#8220;1px&#8220; border_color_all_image=&#8220;rgba(12,113,195,0.4)&#8220; locked=&#8220;off&#8220; global_colors_info=&#8220;{}&#8220;][\/et_pb_gallery][et_pb_gallery gallery_ids=&#8220;37913,37951,37889,37914&#8243; show_title_and_caption=&#8220;off&#8220; show_pagination=&#8220;off&#8220; _builder_version=&#8220;4.17.3&#8243; _module_preset=&#8220;default&#8220; custom_margin=&#8220;0px||0px||false|false&#8220; custom_padding=&#8220;0px||0px||false|false&#8220; custom_css_gallery_item=&#8220;width: 25% !important;||margin: 0 !important;||clear: none !important;||padding: 5px;||pointer-events: none;&#8220; custom_css_overlay=&#8220;display: none&#8220; border_width_all_image=&#8220;1px&#8220; border_color_all_image=&#8220;rgba(12,113,195,0.4)&#8220; locked=&#8220;off&#8220; global_colors_info=&#8220;{}&#8220;][\/et_pb_gallery][et_pb_gallery gallery_ids=&#8220;37875,37916,37880,37915&#8243; show_title_and_caption=&#8220;off&#8220; show_pagination=&#8220;off&#8220; _builder_version=&#8220;4.17.3&#8243; _module_preset=&#8220;default&#8220; custom_margin=&#8220;0px||0px||false|false&#8220; custom_padding=&#8220;0px||0px||false|false&#8220; custom_css_gallery_item=&#8220;width: 25% !important;||margin: 0 !important;||clear: none !important;||padding: 5px;||pointer-events: none;&#8220; custom_css_overlay=&#8220;display: none&#8220; border_width_all_image=&#8220;1px&#8220; border_color_all_image=&#8220;rgba(12,113,195,0.4)&#8220; locked=&#8220;off&#8220; global_colors_info=&#8220;{}&#8220;][\/et_pb_gallery][et_pb_gallery gallery_ids=&#8220;37890,37917,37936,37886&#8243; show_title_and_caption=&#8220;off&#8220; show_pagination=&#8220;off&#8220; _builder_version=&#8220;4.17.3&#8243; _module_preset=&#8220;default&#8220; custom_margin=&#8220;0px||0px||false|false&#8220; custom_padding=&#8220;0px||0px||false|false&#8220; custom_css_gallery_item=&#8220;width: 25% !important;||margin: 0 !important;||clear: none !important;||padding: 5px;||pointer-events: none;&#8220; custom_css_overlay=&#8220;display: none&#8220; border_width_all_image=&#8220;1px&#8220; border_color_all_image=&#8220;rgba(12,113,195,0.4)&#8220; locked=&#8220;off&#8220; global_colors_info=&#8220;{}&#8220;][\/et_pb_gallery][et_pb_gallery gallery_ids=&#8220;37918,37955,37923,37950&#8243; show_title_and_caption=&#8220;off&#8220; show_pagination=&#8220;off&#8220; _builder_version=&#8220;4.17.3&#8243; _module_preset=&#8220;default&#8220; custom_margin=&#8220;0px||0px||false|false&#8220; custom_padding=&#8220;0px||0px||false|false&#8220; custom_css_gallery_item=&#8220;width: 25% !important;||margin: 0 !important;||clear: none !important;||padding: 5px;||pointer-events: none;&#8220; custom_css_overlay=&#8220;display: none&#8220; border_width_all_image=&#8220;1px&#8220; border_color_all_image=&#8220;rgba(12,113,195,0.4)&#8220; locked=&#8220;off&#8220; global_colors_info=&#8220;{}&#8220;][\/et_pb_gallery][et_pb_gallery gallery_ids=&#8220;37935,37954,37900,37931&#8243; show_title_and_caption=&#8220;off&#8220; show_pagination=&#8220;off&#8220; _builder_version=&#8220;4.17.3&#8243; _module_preset=&#8220;default&#8220; custom_margin=&#8220;0px||0px||false|false&#8220; custom_padding=&#8220;0px||0px||false|false&#8220; custom_css_gallery_item=&#8220;width: 25% !important;||margin: 0 !important;||clear: none !important;||padding: 5px;||pointer-events: none;&#8220; custom_css_overlay=&#8220;display: none&#8220; border_width_all_image=&#8220;1px&#8220; border_color_all_image=&#8220;rgba(12,113,195,0.4)&#8220; locked=&#8220;off&#8220; global_colors_info=&#8220;{}&#8220;][\/et_pb_gallery][et_pb_gallery gallery_ids=&#8220;37958,37922&#8243; show_title_and_caption=&#8220;off&#8220; show_pagination=&#8220;off&#8220; _builder_version=&#8220;4.17.3&#8243; _module_preset=&#8220;default&#8220; custom_margin=&#8220;0px||0px||false|false&#8220; custom_padding=&#8220;0px||0px||false|false&#8220; custom_css_gallery_item=&#8220;width: 25% !important;||margin: 0 !important;||clear: none !important;||padding: 5px;||pointer-events: none;&#8220; custom_css_overlay=&#8220;display: none&#8220; border_width_all_image=&#8220;1px&#8220; border_color_all_image=&#8220;rgba(12,113,195,0.4)&#8220; locked=&#8220;off&#8220; global_colors_info=&#8220;{}&#8220;][\/et_pb_gallery][\/et_pb_column][\/et_pb_row][\/et_pb_section]<\/p>\n","protected":false},"excerpt":{"rendered":"<p>\uf015 \u00davod Reference&#8220;P\u0159\u00edklady spole\u010dnost\u00ed, kde jsme realizovali na\u0161e slu\u017eby \u010di dodali na\u0161e produkty. Pro v\u00edce informac\u00ed n\u00e1s m\u016f\u017eete kontaktovat.&#8220;&#8220;P\u0159\u00edklady spole\u010dnost\u00ed, kde jsme realizovali na\u0161e slu\u017eby \u010di dodali na\u0161e produkty. Pro v\u00edce informac\u00ed n\u00e1s m\u016f\u017eete kontaktovat.&#8220;<\/p>","protected":false},"author":1,"featured_media":0,"parent":0,"menu_order":5,"comment_status":"closed","ping_status":"closed","template":"","meta":{"_et_pb_use_builder":"on","_et_pb_old_content":"","_et_gb_content_width":"","footnotes":""},"class_list":["post-19","page","type-page","status-publish","hentry"],"_links":{"self":[{"href":"https:\/\/www.jklas.cz\/sk\/wp-json\/wp\/v2\/pages\/19","targetHints":{"allow":["GET"]}}],"collection":[{"href":"https:\/\/www.jklas.cz\/sk\/wp-json\/wp\/v2\/pages"}],"about":[{"href":"https:\/\/www.jklas.cz\/sk\/wp-json\/wp\/v2\/types\/page"}],"author":[{"embeddable":true,"href":"https:\/\/www.jklas.cz\/sk\/wp-json\/wp\/v2\/users\/1"}],"replies":[{"embeddable":true,"href":"https:\/\/www.jklas.cz\/sk\/wp-json\/wp\/v2\/comments?post=19"}],"version-history":[{"count":70,"href":"https:\/\/www.jklas.cz\/sk\/wp-json\/wp\/v2\/pages\/19\/revisions"}],"predecessor-version":[{"id":43184,"href":"https:\/\/www.jklas.cz\/sk\/wp-json\/wp\/v2\/pages\/19\/revisions\/43184"}],"wp:attachment":[{"href":"https:\/\/www.jklas.cz\/sk\/wp-json\/wp\/v2\/media?parent=19"}],"curies":[{"name":"wp","href":"https:\/\/api.w.org\/{rel}","templated":true}]}}