{"id":25719,"date":"2020-07-15T08:48:15","date_gmt":"2020-07-15T06:48:15","guid":{"rendered":"https:\/\/jklas.cz\/elektricke-tahace-a-manipulatory-movexx-2\/"},"modified":"2025-11-13T13:58:46","modified_gmt":"2025-11-13T12:58:46","slug":"testovani","status":"publish","type":"page","link":"https:\/\/www.jklas.cz\/sk\/produkty\/elektricke-tahace\/movexx\/testovani\/","title":{"rendered":"Otestovat &#8211; elektrick\u00e9 taha\u010de Movexx"},"content":{"rendered":"<p>[et_pb_section fb_built=&#8220;1&#8243; custom_padding_last_edited=&#8220;off|desktop&#8220; disabled_on=&#8220;off|off|off&#8220; _builder_version=&#8220;4.16&#8243; custom_padding=&#8220;15px||||false|false&#8220; custom_padding_phone=&#8220;15px||||false|false&#8220; global_colors_info=&#8220;{}&#8220;][et_pb_row _builder_version=&#8220;4.6.6&#8243; _module_preset=&#8220;default&#8220; width_tablet=&#8220;90%&#8220; width_phone=&#8220;90%&#8220; width_last_edited=&#8220;on|desktop&#8220; custom_margin=&#8220;0px||0px||false|false&#8220; custom_padding=&#8220;0px||0px||false|false&#8220; global_module=&#8220;31785&#8243; saved_tabs=&#8220;all&#8220; locked=&#8220;off&#8220; global_colors_info=&#8220;{}&#8220;][et_pb_column type=&#8220;4_4&#8243; _builder_version=&#8220;4.16&#8243; _module_preset=&#8220;default&#8220; global_colors_info=&#8220;{}&#8220;][et_pb_text _builder_version=&#8220;4.21.0&#8243; text_font=&#8220;fa-solid900||||||||&#8220; text_line_height=&#8220;1.2em&#8220; link_font=&#8220;||||on|||#000000|solid&#8220; custom_margin=&#8220;0px||0px|0px|false|false&#8220; custom_padding=&#8220;0px||0px||false|false&#8220; locked=&#8220;off&#8220; global_colors_info=&#8220;{}&#8220;]<\/p>\n<nav>\n<p style=\"font-size: 18px; color: #14a800;\">\uf015 <a href=\"https:\/\/www.jklas.cz\/\"><span style=\"font-size: 14px; color: black; font-family: Open Sans;\">\u00davod<\/span><\/a> \uf105 <a href=\"https:\/\/www.jklas.cz\/produkty\/\"><span style=\"font-size: 14px; color: black; font-family: Open Sans;\">Produkty<\/span><\/a> \uf105 <a href=\"https:\/\/www.jklas.cz\/produkty\/elektricke-tahace\/\"><span style=\"font-size: 14px; color: black; font-family: Open Sans;\">Elektrick\u00e9 taha\u010de<\/span><\/a> \uf105 <a href=\"https:\/\/www.jklas.cz\/produkty\/elektricke-tahace\/movexx\/\"><span style=\"font-size: 14px; color: black; font-family: Open Sans;\">Movexx<\/span><\/a><\/p>\n<\/nav>\n<p>[\/et_pb_text][\/et_pb_column][\/et_pb_row][et_pb_row _builder_version=&#8220;4.27.4&#8243; width=&#8220;60%&#8220; width_tablet=&#8220;90%&#8220; width_phone=&#8220;93%&#8220; width_last_edited=&#8220;on|phone&#8220; custom_margin=&#8220;20px||0px||false|false&#8220; custom_padding=&#8220;0px|0px|30px|0px|false|false&#8220; border_radii=&#8220;on|5px|5px|5px|5px&#8220; box_shadow_style=&#8220;preset1&#8243; box_shadow_blur=&#8220;6px&#8220; box_shadow_spread=&#8220;2px&#8220; locked=&#8220;off&#8220; global_colors_info=&#8220;{}&#8220;][et_pb_column type=&#8220;4_4&#8243; _builder_version=&#8220;4.16&#8243; global_colors_info=&#8220;{}&#8220;][et_pb_text _builder_version=&#8220;4.27.4&#8243; text_text_color=&#8220;#000000&#8243; text_line_height=&#8220;2em&#8220; header_font=&#8220;|700|||||||&#8220; header_text_align=&#8220;left&#8220; header_text_color=&#8220;#000000&#8243; header_font_size=&#8220;18px&#8220; header_line_height=&#8220;1.2em&#8220; text_orientation=&#8220;center&#8220; width=&#8220;90%&#8220; width_tablet=&#8220;90%&#8220; width_phone=&#8220;91%&#8220; width_last_edited=&#8220;on|phone&#8220; module_alignment=&#8220;center&#8220; custom_margin=&#8220;0px||0px||false|false&#8220; custom_padding=&#8220;30px||0px||false|false&#8220; custom_padding_tablet=&#8220;||||false|false&#8220; custom_padding_phone=&#8220;15px||0px||false|false&#8220; custom_padding_last_edited=&#8220;on|phone&#8220; hover_enabled=&#8220;0&#8243; header_text_align_tablet=&#8220;left&#8220; header_text_align_phone=&#8220;left&#8220; header_text_align_last_edited=&#8220;on|phone&#8220; border_color_all=&#8220;#adadad&#8220; border_width_bottom=&#8220;1px&#8220; border_color_bottom=&#8220;#14a800&#8243; border_width_bottom_tablet=&#8220;1px&#8220; border_width_bottom_phone=&#8220;0.8px&#8220; border_width_bottom_last_edited=&#8220;on|phone&#8220; locked=&#8220;off&#8220; global_colors_info=&#8220;{}&#8220; sticky_enabled=&#8220;0&#8243;]<\/p>\n<h1>Testov\u00e1n\u00ed, elektrick\u00e9 taha\u010de <span style=\"color: #14a800;\">Movexx<\/span><\/h1>\n<p>[\/et_pb_text][et_pb_text _builder_version=&#8220;4.27.4&#8243; text_text_color=&#8220;#000000&#8243; text_line_height=&#8220;1.4em&#8220; link_font=&#8220;||||on|||#ff3333|&#8220; link_text_color=&#8220;#ff3333&#8243; width=&#8220;90%&#8220; width_tablet=&#8220;90%&#8220; width_phone=&#8220;91%&#8220; width_last_edited=&#8220;on|phone&#8220; max_width_tablet=&#8220;90%&#8220; max_width_phone=&#8220;90%&#8220; max_width_last_edited=&#8220;off|tablet&#8220; module_alignment=&#8220;center&#8220; custom_margin=&#8220;0px||0px||false|false&#8220; custom_padding=&#8220;15px||0px||false|false&#8220; custom_padding_tablet=&#8220;10px||||false|false&#8220; custom_padding_phone=&#8220;10px||||false|false&#8220; custom_padding_last_edited=&#8220;on|desktop&#8220; hover_enabled=&#8220;0&#8243; locked=&#8220;off&#8220; global_colors_info=&#8220;{}&#8220; sticky_enabled=&#8220;0&#8243;]<\/p>\n<p><strong>Vyzkou\u0161ejte si elektrick\u00e9 taha\u010de Movexx!\u00a0U n\u00e1s m\u00e1te p\u0159\u00edle\u017eitost zdarma otestovat jak\u00fdkoliv z taha\u010d\u016f.\u00a0<\/strong>Testov\u00e1n\u00ed je bezplatn\u00e9, hrad\u00edte pouze n\u00e1klady na dopravu, doba testov\u00e1n\u00ed je dle dohody. Vypl\u0148te formul\u00e1\u0159 a zvolte typ taha\u010de Movexx, kter\u00fd si p\u0159ejete otestovat.<\/p>\n<p>[\/et_pb_text][et_pb_contact_form email=&#8220;karel.sprojcar.jn@jklas.cz, simona.sprojcarova@jklas.cz, karel.sprojcar@jklas.cz&#8220; custom_message=&#8220;P\u0159edm\u011bt: Testov\u00e1n\u00ed Movexx||et_pb_line_break_holder||Jm\u00e9no a p\u0159\u00edjmen\u00ed: %%Jm\u00e9no_a_p\u0159\u00edjmen\u00ed%%||et_pb_line_break_holder||E-mail: %%email_adress%%||et_pb_line_break_holder||Firma: %%Firma%%||et_pb_line_break_holder||Telefon: %%Telefon%%||et_pb_line_break_holder||Vyberte Movexx: %%Typ_taha\u010de_Movexx%%||et_pb_line_break_holder||Reference: %%Reference%%||et_pb_line_break_holder||Zpr\u00e1va: %%Zpr\u00e1va%%&#8220; use_redirect=&#8220;on&#8220; redirect_url=&#8220;https:\/\/jklas.cz\/dekujeme-za-vasi-zpravu\/&#8220; success_message=&#8220;\u00dasp\u011b\u0161n\u011b odesl\u00e1no&#8220; submit_button_text=&#8220;Odeslat&#8220; admin_label=&#8220;Cenov\u00e1 nab\u00eddka taha\u010d\u016f Movexx&#8220; _builder_version=&#8220;4.27.4&#8243; _unique_id=&#8220;afed1fee-187a-40b9-9031-8709646a124a&#8220; form_field_background_color=&#8220;#ffffff&#8220; form_field_text_color=&#8220;#777777&#8243; form_field_custom_margin=&#8220;0px||15px||false|false&#8220; form_field_custom_margin_tablet=&#8220;0px||15px||false|false&#8220; form_field_custom_margin_phone=&#8220;||10px||false|false&#8220; form_field_custom_margin_last_edited=&#8220;on|phone&#8220; form_field_custom_padding=&#8220;10px||10px||false|false&#8220; custom_button=&#8220;on&#8220; button_text_size=&#8220;16px&#8220; button_text_color=&#8220;#ffffff&#8220; button_bg_color=&#8220;#1613d6&#8243; button_border_width=&#8220;0px&#8220; button_border_radius=&#8220;24px&#8220; button_letter_spacing=&#8220;0px&#8220; button_font=&#8220;|600|||||||&#8220; button_use_icon=&#8220;off&#8220; button_custom_margin=&#8220;0px||0px||false|false&#8220; button_custom_padding=&#8220;7px||7px||true|false&#8220; width=&#8220;90%&#8220; width_tablet=&#8220;90%&#8220; width_phone=&#8220;91%&#8220; width_last_edited=&#8220;on|phone&#8220; module_alignment=&#8220;center&#8220; custom_margin=&#8220;5px||0px||false|false&#8220; custom_padding=&#8220;15px||0px||false|false&#8220; custom_padding_tablet=&#8220;15px||0px||false|false&#8220; custom_padding_phone=&#8220;5px||0px||false|false&#8220; custom_padding_last_edited=&#8220;on|phone&#8220; hover_enabled=&#8220;0&#8243; custom_css_contact_button=&#8220;width: 50%;&#8220; border_width_all=&#8220;1px&#8220; border_color_all=&#8220;#6B6B6B&#8220; global_colors_info=&#8220;{}&#8220; sticky_enabled=&#8220;0&#8243;][et_pb_contact_field field_id=&#8220;Jm\u00e9no_a_p\u0159\u00edjmen\u00ed&#8220; field_title=&#8220;Jm\u00e9no a p\u0159\u00edjmen\u00ed *&#8220; fullwidth_field=&#8220;on&#8220; _builder_version=&#8220;4.16&#8243; height=&#8220;45px&#8220; border_radii=&#8220;on|5px|5px|5px|5px&#8220; global_colors_info=&#8220;{}&#8220; button_text_size__hover_enabled=&#8220;off&#8220; button_one_text_size__hover_enabled=&#8220;off&#8220; button_two_text_size__hover_enabled=&#8220;off&#8220; button_text_color__hover_enabled=&#8220;off&#8220; button_one_text_color__hover_enabled=&#8220;off&#8220; button_two_text_color__hover_enabled=&#8220;off&#8220; button_border_width__hover_enabled=&#8220;off&#8220; button_one_border_width__hover_enabled=&#8220;off&#8220; button_two_border_width__hover_enabled=&#8220;off&#8220; button_border_color__hover_enabled=&#8220;off&#8220; button_one_border_color__hover_enabled=&#8220;off&#8220; button_two_border_color__hover_enabled=&#8220;off&#8220; button_border_radius__hover_enabled=&#8220;off&#8220; button_one_border_radius__hover_enabled=&#8220;off&#8220; button_two_border_radius__hover_enabled=&#8220;off&#8220; button_letter_spacing__hover_enabled=&#8220;off&#8220; button_one_letter_spacing__hover_enabled=&#8220;off&#8220; button_two_letter_spacing__hover_enabled=&#8220;off&#8220; button_bg_color__hover_enabled=&#8220;off&#8220; button_one_bg_color__hover_enabled=&#8220;off&#8220; button_two_bg_color__hover_enabled=&#8220;off&#8220;][\/et_pb_contact_field][et_pb_contact_field field_id=&#8220;email_adress&#8220; field_title=&#8220;E-mail *&#8220; field_type=&#8220;email&#8220; fullwidth_field=&#8220;on&#8220; _builder_version=&#8220;4.16&#8243; height=&#8220;45px&#8220; border_radii=&#8220;on|5px|5px|5px|5px&#8220; global_colors_info=&#8220;{}&#8220; button_text_size__hover_enabled=&#8220;off&#8220; button_one_text_size__hover_enabled=&#8220;off&#8220; button_two_text_size__hover_enabled=&#8220;off&#8220; button_text_color__hover_enabled=&#8220;off&#8220; button_one_text_color__hover_enabled=&#8220;off&#8220; button_two_text_color__hover_enabled=&#8220;off&#8220; button_border_width__hover_enabled=&#8220;off&#8220; button_one_border_width__hover_enabled=&#8220;off&#8220; button_two_border_width__hover_enabled=&#8220;off&#8220; button_border_color__hover_enabled=&#8220;off&#8220; button_one_border_color__hover_enabled=&#8220;off&#8220; button_two_border_color__hover_enabled=&#8220;off&#8220; button_border_radius__hover_enabled=&#8220;off&#8220; button_one_border_radius__hover_enabled=&#8220;off&#8220; button_two_border_radius__hover_enabled=&#8220;off&#8220; button_letter_spacing__hover_enabled=&#8220;off&#8220; button_one_letter_spacing__hover_enabled=&#8220;off&#8220; button_two_letter_spacing__hover_enabled=&#8220;off&#8220; button_bg_color__hover_enabled=&#8220;off&#8220; button_one_bg_color__hover_enabled=&#8220;off&#8220; button_two_bg_color__hover_enabled=&#8220;off&#8220;][\/et_pb_contact_field][et_pb_contact_field field_id=&#8220;Firma&#8220; field_title=&#8220;Firma&#8220; required_mark=&#8220;off&#8220; fullwidth_field=&#8220;on&#8220; _builder_version=&#8220;4.16&#8243; height=&#8220;45px&#8220; border_radii=&#8220;on|5px|5px|5px|5px&#8220; global_colors_info=&#8220;{}&#8220;][\/et_pb_contact_field][et_pb_contact_field field_id=&#8220;Telefon&#8220; field_title=&#8220;Telefon *&#8220; fullwidth_field=&#8220;on&#8220; _builder_version=&#8220;4.16&#8243; height=&#8220;45px&#8220; border_radii=&#8220;on|5px|5px|5px|5px&#8220; global_colors_info=&#8220;{}&#8220;][\/et_pb_contact_field][et_pb_contact_field field_id=&#8220;Typ_taha\u010de_Movexx&#8220; field_title=&#8220;Vyberte taha\u010d *&#8220; field_type=&#8220;select&#8220; select_options=&#8220;%91{%22value%22:%22TT1000-T-Basic%22,%22checked%22:0,%22dragID%22:-1},{%22value%22:%22TT1000-T%22,%22checked%22:0,%22dragID%22:0},{%22value%22:%22TT1000-T-CP%22,%22checked%22:0,%22dragID%22:1},{%22value%22:%22TT1000-T-CleanRoom%22,%22checked%22:0,%22dragID%22:2},{%22value%22:%22TT1000-T-Inox%22,%22checked%22:0,%22dragID%22:3},{%22value%22:%22TT1500-T%22,%22checked%22:0,%22dragID%22:4},{%22value%22:%22TT1500-T-CleanRoom%22,%22checked%22:0,%22dragID%22:5},{%22value%22:%22TT1500-T-Inox%22,%22checked%22:0,%22dragID%22:6},{%22value%22:%22TT1000-M%22,%22checked%22:0,%22dragID%22:7},{%22value%22:%22TT1000-M-Inox%22,%22checked%22:0,%22dragID%22:8},{%22value%22:%22TT1000-M-Inox-EB%22,%22checked%22:0,%22dragID%22:9},{%22value%22:%22TT2000-M%22,%22checked%22:0,%22dragID%22:10},{%22value%22:%22TT2000-M-Inox%22,%22checked%22:0,%22dragID%22:11},{%22value%22:%22TT1500-M-SR%22,%22checked%22:0,%22dragID%22:33},{%22value%22:%22TT1000-F%22,%22checked%22:0,%22dragID%22:12},{%22value%22:%22TT500-S-HH%22,%22checked%22:0,%22dragID%22:13},{%22value%22:%22TT1000-L%22,%22checked%22:0,%22dragID%22:14},{%22value%22:%22TT2500-L%22,%22checked%22:0,%22dragID%22:15},{%22value%22:%22TT1500-S%22,%22checked%22:0,%22dragID%22:16},{%22value%22:%22TT2500-S%22,%22checked%22:0,%22dragID%22:17},{%22value%22:%22TT2500-S-AT%22,%22checked%22:0,%22dragID%22:18},{%22value%22:%22TT3500-S-AT%22,%22checked%22:0,%22dragID%22:19},{%22value%22:%22TT2500-S-Clean Room%22,%22checked%22:0,%22dragID%22:20},{%22value%22:%22TT3500-S%22,%22checked%22:0,%22dragID%22:21},{%22value%22:%22TT6000-S%22,%22checked%22:0,%22dragID%22:22},{%22value%22:%22TT6000-S-CleanRoom%22,%22checked%22:0,%22dragID%22:23},{%22value%22:%22T6000-CleanRoom%22,%22checked%22:0,%22dragID%22:24},{%22value%22:%22RR1000-S%22,%22checked%22:0,%22dragID%22:25},{%22value%22:%22RR1000-S-Inox%22,%22checked%22:0,%22dragID%22:26},{%22value%22:%22RR3500-S%22,%22checked%22:0,%22dragID%22:27},{%22value%22:%22CC2500-S%22,%22checked%22:0,%22dragID%22:28},{%22value%22:%22AA1000-S-Basic%22,%22checked%22:0,%22dragID%22:29},{%22value%22:%22AA1000-S%22,%22checked%22:0,%22dragID%22:30},{%22value%22:%22AA2500-S%22,%22checked%22:0,%22dragID%22:31},{%22value%22:%22AA1000-S-UnderRider%22,%22checked%22:0,%22dragID%22:32}%93&#8243; fullwidth_field=&#8220;on&#8220; _builder_version=&#8220;4.27.4&#8243; _module_preset=&#8220;default&#8220; height=&#8220;45px&#8220; hover_enabled=&#8220;0&#8243; border_radii=&#8220;on|5px|5px|5px|5px&#8220; global_colors_info=&#8220;{}&#8220; sticky_enabled=&#8220;0&#8243;][\/et_pb_contact_field][et_pb_contact_field field_id=&#8220;Reference&#8220; field_title=&#8220;Kde jste se o n\u00e1s dozv\u011bd\u011bli? *&#8220; field_type=&#8220;select&#8220; select_options=&#8220;%91{%22value%22:%22Vyhled\u00e1va\u010de (Google, Seznam&#8230;)%22,%22checked%22:0,%22dragID%22:34},{%22value%22:%22LinkedIn%22,%22checked%22:0,%22dragID%22:35},{%22value%22:%22Instagram%22,%22checked%22:0,%22dragID%22:36},{%22value%22:%22Facebook%22,%22checked%22:0,%22dragID%22:37},{%22value%22:%22Na doporu\u010den\u00ed%22,%22checked%22:0,%22dragID%22:38},{%22value%22:%22Jin\u00e9%22,%22checked%22:0,%22dragID%22:39}%93&#8243; fullwidth_field=&#8220;on&#8220; _builder_version=&#8220;4.27.4&#8243; _module_preset=&#8220;default&#8220; height=&#8220;45px&#8220; border_radii=&#8220;on|5px|5px|5px|5px&#8220; global_colors_info=&#8220;{}&#8220;][\/et_pb_contact_field][et_pb_contact_field field_id=&#8220;Zpr\u00e1va&#8220; field_title=&#8220;Zpr\u00e1va *&#8220; field_type=&#8220;text&#8220; fullwidth_field=&#8220;on&#8220; _builder_version=&#8220;4.16&#8243; border_radii=&#8220;on|5px|5px|5px|5px&#8220; global_colors_info=&#8220;{}&#8220; button_text_size__hover_enabled=&#8220;off&#8220; button_one_text_size__hover_enabled=&#8220;off&#8220; button_two_text_size__hover_enabled=&#8220;off&#8220; button_text_color__hover_enabled=&#8220;off&#8220; button_one_text_color__hover_enabled=&#8220;off&#8220; button_two_text_color__hover_enabled=&#8220;off&#8220; button_border_width__hover_enabled=&#8220;off&#8220; button_one_border_width__hover_enabled=&#8220;off&#8220; button_two_border_width__hover_enabled=&#8220;off&#8220; button_border_color__hover_enabled=&#8220;off&#8220; button_one_border_color__hover_enabled=&#8220;off&#8220; button_two_border_color__hover_enabled=&#8220;off&#8220; button_border_radius__hover_enabled=&#8220;off&#8220; button_one_border_radius__hover_enabled=&#8220;off&#8220; button_two_border_radius__hover_enabled=&#8220;off&#8220; button_letter_spacing__hover_enabled=&#8220;off&#8220; button_one_letter_spacing__hover_enabled=&#8220;off&#8220; button_two_letter_spacing__hover_enabled=&#8220;off&#8220; button_bg_color__hover_enabled=&#8220;off&#8220; button_one_bg_color__hover_enabled=&#8220;off&#8220; button_two_bg_color__hover_enabled=&#8220;off&#8220;][\/et_pb_contact_field][et_pb_contact_field field_id=&#8220;Ochrana_osobn\u00edch_\u00fadaj\u016f&#8220; field_title=&#8220;Souhlas se zpracov\u00e1n\u00edm osobn\u00edch \u00fadaj\u016f&#8220; field_type=&#8220;checkbox&#8220; checkbox_options=&#8220;%91{%22value%22:%22Souhlas\u00edm se zpracov\u00e1n\u00edm osobn\u00edch \u00fadaj\u016f dle %22,%22checked%22:0,%22dragID%22:-1,%22link_url%22:%22https:\/\/jklas.cz\/zasady-zpracovani-osobnich-udaju\/%22,%22link_text%22:%22Z\u00e1sad o ochran\u011b osobn\u00edch \u00fadaj\u016f.%22}%93&#8243; fullwidth_field=&#8220;on&#8220; _builder_version=&#8220;4.16&#8243; text_orientation=&#8220;left&#8220; custom_margin=&#8220;||30px||false|false&#8220; custom_padding=&#8220;0px||0px||false|false&#8220; global_colors_info=&#8220;{}&#8220;][\/et_pb_contact_field][\/et_pb_contact_form][\/et_pb_column][\/et_pb_row][\/et_pb_section]<\/p>\n","protected":false},"excerpt":{"rendered":"<p>\uf015 \u00davod \uf105 Produkty \uf105 Elektrick\u00e9 taha\u010de \uf105 Movexx Testov\u00e1n\u00ed, elektrick\u00e9 taha\u010de MovexxVyzkou\u0161ejte si elektrick\u00e9 taha\u010de Movexx!\u00a0U n\u00e1s m\u00e1te p\u0159\u00edle\u017eitost zdarma otestovat jak\u00fdkoliv z taha\u010d\u016f.\u00a0Testov\u00e1n\u00ed je bezplatn\u00e9, hrad\u00edte pouze n\u00e1klady na dopravu, doba testov\u00e1n\u00ed je dle dohody. Vypl\u0148te formul\u00e1\u0159 a zvolte typ taha\u010de Movexx, kter\u00fd si p\u0159ejete otestovat.<\/p>","protected":false},"author":1,"featured_media":0,"parent":24,"menu_order":1,"comment_status":"closed","ping_status":"closed","template":"","meta":{"_et_pb_use_builder":"on","_et_pb_old_content":"","_et_gb_content_width":"","footnotes":""},"class_list":["post-25719","page","type-page","status-publish","hentry"],"_links":{"self":[{"href":"https:\/\/www.jklas.cz\/sk\/wp-json\/wp\/v2\/pages\/25719","targetHints":{"allow":["GET"]}}],"collection":[{"href":"https:\/\/www.jklas.cz\/sk\/wp-json\/wp\/v2\/pages"}],"about":[{"href":"https:\/\/www.jklas.cz\/sk\/wp-json\/wp\/v2\/types\/page"}],"author":[{"embeddable":true,"href":"https:\/\/www.jklas.cz\/sk\/wp-json\/wp\/v2\/users\/1"}],"replies":[{"embeddable":true,"href":"https:\/\/www.jklas.cz\/sk\/wp-json\/wp\/v2\/comments?post=25719"}],"version-history":[{"count":13,"href":"https:\/\/www.jklas.cz\/sk\/wp-json\/wp\/v2\/pages\/25719\/revisions"}],"predecessor-version":[{"id":43419,"href":"https:\/\/www.jklas.cz\/sk\/wp-json\/wp\/v2\/pages\/25719\/revisions\/43419"}],"up":[{"embeddable":true,"href":"https:\/\/www.jklas.cz\/sk\/wp-json\/wp\/v2\/pages\/24"}],"wp:attachment":[{"href":"https:\/\/www.jklas.cz\/sk\/wp-json\/wp\/v2\/media?parent=25719"}],"curies":[{"name":"wp","href":"https:\/\/api.w.org\/{rel}","templated":true}]}}